{"id":8420,"date":"2021-11-25T21:29:00","date_gmt":"2021-11-25T18:29:00","guid":{"rendered":"https:\/\/www.evrimkuran.com\/contact\/"},"modified":"2023-12-05T15:38:02","modified_gmt":"2023-12-05T12:38:02","slug":"contact","status":"publish","type":"page","link":"https:\/\/www.evrimkuran.com\/en\/contact\/","title":{"rendered":"Contact"},"content":{"rendered":"<p>[vc_row][vc_column][vc_empty_space][\/vc_column][\/vc_row][vc_row css=&#8221;.vc_custom_1485423383193{margin-bottom: 20px !important;}&#8221;][vc_column css=&#8221;.vc_custom_1485424286916{margin-bottom: 30px !important;}&#8221; offset=&#8221;vc_col-lg-4&#8243;][stm_contacts_widget style=&#8221;style_4&#8243; email=&#8221;info@evrimkuran.com&#8221; address=&#8221;Turkey<br \/>\nNurol Tower \u0130zzetpa\u015fa Mah. Yeniyol Cad. No:3 D:303 \u015ei\u015fli\/\u0130stanbul 34387&#8243; title=&#8221;Contact&#8221;][vc_raw_html]JTNDZGl2JTIwY2xhc3MlM0QlMjJzdG1fY29udGFjdHNfd2lkZ2V0JTIwc3R5bGVfNCUyMiUzRSUwQSUzQ3VsJTIwY2xhc3MlM0QlMjJzb2NpYWxzJTIyJTNFJTBBJTA5JTNDbGklM0UlM0NhJTIwaHJlZiUzRCUyMmh0dHBzJTNBJTJGJTJGdHdpdHRlci5jb20lMkZldnJpbWt1cmFuJTIyJTIwdGFyZ2V0JTNEJTIyX2JsYW5rJTIyJTIwY2xhc3MlM0QlMjJzb2NpYWwtdHdpdHRlciUyMiUzRSUzQ3N2ZyUyMHhtbG5zJTNEJTIyaHR0cCUzQSUyRiUyRnd3dy53My5vcmclMkYyMDAwJTJGc3ZnJTIyJTIwaGVpZ2h0JTNEJTIyMTYlMjIlMjB3aWR0aCUzRCUyMjE2JTIyJTIwdmlld0JveCUzRCUyMjAlMjAwJTIwNTEyJTIwMzgwJTIyJTNFJTNDcGF0aCUyMGZpbGwlM0QlMjIlMjNmZmZmZmYlMjIlMjBkJTNEJTIyTTM4OS4yJTIwNDhoNzAuNkwzMDUuNiUyMDIyNC4yJTIwNDg3JTIwNDY0SDM0NUwyMzMuNyUyMDMxOC42JTIwMTA2LjUlMjA0NjRIMzUuOEwyMDAuNyUyMDI3NS41JTIwMjYuOCUyMDQ4SDE3Mi40TDI3Mi45JTIwMTgwLjklMjAzODkuMiUyMDQ4ek0zNjQuNCUyMDQyMS44aDM5LjFMMTUxLjElMjA4OGgtNDJMMzY0LjQlMjA0MjEuOHolMjIlM0UlM0MlMkZwYXRoJTNFJTNDJTJGc3ZnJTNFJTNDJTJGYSUzRSUzQyUyRmxpJTNFJTBBJTA5JTNDbGklM0UlM0NhJTIwaHJlZiUzRCUyMmh0dHBzJTNBJTJGJTJGd3d3Lmluc3RhZ3JhbS5jb20lMkZldnJpbWt1cmFuJTJGJTIyJTIwdGFyZ2V0JTNEJTIyX2JsYW5rJTIyJTIwY2xhc3MlM0QlMjJzb2NpYWwtaW5zdGFncmFtJTIyJTNFJTNDaSUyMGNsYXNzJTNEJTIyZmElMjBmYS1pbnN0YWdyYW0lMjIlM0UlM0MlMkZpJTNFJTNDJTJGYSUzRSUzQyUyRmxpJTNFJTBBJTA5JTNDbGklM0UlM0NhJTIwaHJlZiUzRCUyMmh0dHBzJTNBJTJGJTJGd3d3LmxpbmtlZGluLmNvbSUyRmluJTJGZXZyaW1rdXJhbiUyMiUyMHRhcmdldCUzRCUyMl9ibGFuayUyMiUyMGNsYXNzJTNEJTIyc29jaWFsLWxpbmtlZGluJTIyJTNFJTNDaSUyMGNsYXNzJTNEJTIyZmElMjBmYS1saW5rZWRpbiUyMiUzRSUzQyUyRmklM0UlM0MlMkZhJTNFJTNDJTJGbGklM0UlMEElMDklM0NsaSUzRSUzQ2ElMjBocmVmJTNEJTIyaHR0cHMlM0ElMkYlMkZvcGVuLnNwb3RpZnkuY29tJTJGc2hvdyUyRjBZZWJqYnBoYkhxMnAzWWRsRm5QTFklM0ZzaSUzRHREZFlFcWxIU3J1S1ZSeFUxVlBkbEElMjZhbXAlM0JuZCUzRDElMjIlMjB0YXJnZXQlM0QlMjJfYmxhbmslMjIlMjBjbGFzcyUzRCUyMnNvY2lhbC1zcG90aWZ5JTIyJTNFJTNDaSUyMGNsYXNzJTNEJTIyZmElMjBmYS1zcG90aWZ5JTIyJTNFJTNDJTJGaSUzRSUzQyUyRmElM0UlM0MlMkZsaSUzRSUwQSUzQyUyRnVsJTNFJTBBJTNDJTJGZGl2JTNF[\/vc_raw_html][\/vc_column][vc_column css=&#8221;.vc_custom_1485424295749{margin-bottom: 30px !important;}&#8221; offset=&#8221;vc_col-lg-8&#8243;]<div role=\"form\" class=\"wpcf7\" id=\"wpcf7-f8426-o1\" lang=\"tr-TR\" dir=\"ltr\">\n<div class=\"screen-reader-response\"><p role=\"status\" aria-live=\"polite\" aria-atomic=\"true\"><\/p> <ul><\/ul><\/div>\n<form action=\"\/en\/wp-json\/wp\/v2\/pages\/8420#wpcf7-f8426-o1\" method=\"post\" class=\"wpcf7-form init\" novalidate=\"novalidate\" data-status=\"init\">\n<div style=\"display: none;\">\n<input type=\"hidden\" name=\"_wpcf7\" value=\"8426\" \/>\n<input type=\"hidden\" name=\"_wpcf7_version\" value=\"5.6.4\" \/>\n<input type=\"hidden\" name=\"_wpcf7_locale\" value=\"tr_TR\" \/>\n<input type=\"hidden\" name=\"_wpcf7_unit_tag\" value=\"wpcf7-f8426-o1\" \/>\n<input type=\"hidden\" name=\"_wpcf7_container_post\" value=\"0\" \/>\n<input type=\"hidden\" name=\"_wpcf7_posted_data_hash\" value=\"\" \/>\n<input type=\"hidden\" name=\"_wpcf7_recaptcha_response\" value=\"\" \/>\n<\/div>\n<div class=\"request_callback\">\n<div class=\"row\">\n<div class=\"col-lg-6 col-md-6 col-sm-6 col-xs-12\">\n<div class=\"input-group\">\n                <span class=\"wpcf7-form-control-wrap\" data-name=\"text-name\"><input type=\"text\" name=\"text-name\" value=\"\" size=\"40\" class=\"wpcf7-form-control wpcf7-text wpcf7-validates-as-required\" aria-required=\"true\" aria-invalid=\"false\" placeholder=\"Name*\" \/><\/span>\n            <\/div>\n<div class=\"input-group\">\n                <span class=\"wpcf7-form-control-wrap\" data-name=\"email\"><input type=\"email\" name=\"email\" value=\"\" size=\"40\" class=\"wpcf7-form-control wpcf7-text wpcf7-email wpcf7-validates-as-required wpcf7-validates-as-email\" aria-required=\"true\" aria-invalid=\"false\" placeholder=\"E-mail *\" \/><\/span>\n            <\/div>\n<\/div>\n<div class=\"col-lg-6 col-md-6 col-sm-6 col-xs-12\">\n<div class=\"input-group\">\n                <span class=\"wpcf7-form-control-wrap\" data-name=\"subject\"><input type=\"text\" name=\"subject\" value=\"\" size=\"40\" class=\"wpcf7-form-control wpcf7-text wpcf7-validates-as-required\" aria-required=\"true\" aria-invalid=\"false\" placeholder=\"Subject *\" \/><\/span>\n            <\/div>\n<div class=\"input-group\">\n                <span class=\"wpcf7-form-control-wrap\" data-name=\"message\"><textarea name=\"message\" cols=\"40\" rows=\"10\" class=\"wpcf7-form-control wpcf7-textarea wpcf7-validates-as-required\" aria-required=\"true\" aria-invalid=\"false\" placeholder=\"Message*\"><\/textarea><\/span>\n            <\/div>\n<div class=\"input-group\">\n                <button type=\"submit\" class=\"button size-lg icon_right\">Send <i class=\"fa fa-chevron-right\"><\/i><\/button>\n            <\/div>\n<\/div>\n<\/div>\n<\/div>\n<div class=\"wpcf7-response-output\" aria-hidden=\"true\"><\/div><\/form><\/div>[\/vc_column][\/vc_row]<\/p>\n","protected":false},"excerpt":{"rendered":"<p>[vc_row][vc_column][vc_empty_space][\/vc_column][\/vc_row][vc_row css=&#8221;.vc_custom_1485423383193{margin-bottom: 20px !important;}&#8221;][vc_column css=&#8221;.vc_custom_1485424286916{margin-bottom: 30px !important;}&#8221; offset=&#8221;vc_col-lg-4&#8243;][stm_contacts_widget style=&#8221;style_4&#8243; email=&#8221;info@evrimkuran.com&#8221; address=&#8221;Turkey Nurol Tower \u0130zzetpa\u015fa Mah. Yeniyol Cad. No:3 D:303 \u015ei\u015fli\/\u0130stanbul 34387&#8243; title=&#8221;Contact&#8221;][vc_raw_html]JTNDZGl2JTIwY2xhc3MlM0QlMjJzdG1fY29udGFjdHNfd2lkZ2V0JTIwc3R5bGVfNCUyMiUzRSUwQSUzQ3VsJTIwY2xhc3MlM0QlMjJzb2NpYWxzJTIyJTNFJTBBJTA5JTNDbGklM0UlM0NhJTIwaHJlZiUzRCUyMmh0dHBzJTNBJTJGJTJGdHdpdHRlci5jb20lMkZldnJpbWt1cmFuJTIyJTIwdGFyZ2V0JTNEJTIyX2JsYW5rJTIyJTIwY2xhc3MlM0QlMjJzb2NpYWwtdHdpdHRlciUyMiUzRSUzQ3N2ZyUyMHhtbG5zJTNEJTIyaHR0cCUzQSUyRiUyRnd3dy53My5vcmclMkYyMDAwJTJGc3ZnJTIyJTIwaGVpZ2h0JTNEJTIyMTYlMjIlMjB3aWR0aCUzRCUyMjE2JTIyJTIwdmlld0JveCUzRCUyMjAlMjAwJTIwNTEyJTIwMzgwJTIyJTNFJTNDcGF0aCUyMGZpbGwlM0QlMjIlMjNmZmZmZmYlMjIlMjBkJTNEJTIyTTM4OS4yJTIwNDhoNzAuNkwzMDUuNiUyMDIyNC4yJTIwNDg3JTIwNDY0SDM0NUwyMzMuNyUyMDMxOC42JTIwMTA2LjUlMjA0NjRIMzUuOEwyMDAuNyUyMDI3NS41JTIwMjYuOCUyMDQ4SDE3Mi40TDI3Mi45JTIwMTgwLjklMjAzODkuMiUyMDQ4ek0zNjQuNCUyMDQyMS44aDM5LjFMMTUxLjElMjA4OGgtNDJMMzY0LjQlMjA0MjEuOHolMjIlM0UlM0MlMkZwYXRoJTNFJTNDJTJGc3ZnJTNFJTNDJTJGYSUzRSUzQyUyRmxpJTNFJTBBJTA5JTNDbGklM0UlM0NhJTIwaHJlZiUzRCUyMmh0dHBzJTNBJTJGJTJGd3d3Lmluc3RhZ3JhbS5jb20lMkZldnJpbWt1cmFuJTJGJTIyJTIwdGFyZ2V0JTNEJTIyX2JsYW5rJTIyJTIwY2xhc3MlM0QlMjJzb2NpYWwtaW5zdGFncmFtJTIyJTNFJTNDaSUyMGNsYXNzJTNEJTIyZmElMjBmYS1pbnN0YWdyYW0lMjIlM0UlM0MlMkZpJTNFJTNDJTJGYSUzRSUzQyUyRmxpJTNFJTBBJTA5JTNDbGklM0UlM0NhJTIwaHJlZiUzRCUyMmh0dHBzJTNBJTJGJTJGd3d3LmxpbmtlZGluLmNvbSUyRmluJTJGZXZyaW1rdXJhbiUyMiUyMHRhcmdldCUzRCUyMl9ibGFuayUyMiUyMGNsYXNzJTNEJTIyc29jaWFsLWxpbmtlZGluJTIyJTNFJTNDaSUyMGNsYXNzJTNEJTIyZmElMjBmYS1saW5rZWRpbiUyMiUzRSUzQyUyRmklM0UlM0MlMkZhJTNFJTNDJTJGbGklM0UlMEElMDklM0NsaSUzRSUzQ2ElMjBocmVmJTNEJTIyaHR0cHMlM0ElMkYlMkZvcGVuLnNwb3RpZnkuY29tJTJGc2hvdyUyRjBZZWJqYnBoYkhxMnAzWWRsRm5QTFklM0ZzaSUzRHREZFlFcWxIU3J1S1ZSeFUxVlBkbEElMjZhbXAlM0JuZCUzRDElMjIlMjB0YXJnZXQlM0QlMjJfYmxhbmslMjIlMjBjbGFzcyUzRCUyMnNvY2lhbC1zcG90aWZ5JTIyJTNFJTNDaSUyMGNsYXNzJTNEJTIyZmElMjBmYS1zcG90aWZ5JTIyJTNFJTNDJTJGaSUzRSUzQyUyRmElM0UlM0MlMkZsaSUzRSUwQSUzQyUyRnVsJTNFJTBBJTNDJTJGZGl2JTNF[\/vc_raw_html][\/vc_column][vc_column css=&#8221;.vc_custom_1485424295749{margin-bottom: 30px !important;}&#8221; offset=&#8221;vc_col-lg-8&#8243;][\/vc_column][\/vc_row]<\/p>\n","protected":false},"author":1,"featured_media":0,"parent":0,"menu_order":0,"comment_status":"closed","ping_status":"closed","template":"","meta":{"footnotes":""},"class_list":["post-8420","page","type-page","status-publish","hentry"],"_links":{"self":[{"href":"https:\/\/www.evrimkuran.com\/en\/wp-json\/wp\/v2\/pages\/8420","targetHints":{"allow":["GET"]}}],"collection":[{"href":"https:\/\/www.evrimkuran.com\/en\/wp-json\/wp\/v2\/pages"}],"about":[{"href":"https:\/\/www.evrimkuran.com\/en\/wp-json\/wp\/v2\/types\/page"}],"author":[{"embeddable":true,"href":"https:\/\/www.evrimkuran.com\/en\/wp-json\/wp\/v2\/users\/1"}],"replies":[{"embeddable":true,"href":"https:\/\/www.evrimkuran.com\/en\/wp-json\/wp\/v2\/comments?post=8420"}],"version-history":[{"count":12,"href":"https:\/\/www.evrimkuran.com\/en\/wp-json\/wp\/v2\/pages\/8420\/revisions"}],"predecessor-version":[{"id":8870,"href":"https:\/\/www.evrimkuran.com\/en\/wp-json\/wp\/v2\/pages\/8420\/revisions\/8870"}],"wp:attachment":[{"href":"https:\/\/www.evrimkuran.com\/en\/wp-json\/wp\/v2\/media?parent=8420"}],"curies":[{"name":"wp","href":"https:\/\/api.w.org\/{rel}","templated":true}]}}