{"id":8095,"date":"2021-11-25T21:20:58","date_gmt":"2021-11-25T18:20:58","guid":{"rendered":"https:\/\/www.evrimkuran.com\/about-us\/"},"modified":"2026-01-08T17:10:25","modified_gmt":"2026-01-08T14:10:25","slug":"about-us","status":"publish","type":"page","link":"https:\/\/www.evrimkuran.com\/en\/about-us\/","title":{"rendered":"About Us"},"content":{"rendered":"<p>[vc_row css=&#8221;.vc_custom_1734430437788{margin-top: 30px !important;}&#8221;][vc_column width=&#8221;2\/6&#8243;][vc_single_image image=&#8221;8020&#8243; img_size=&#8221;large&#8221;][\/vc_column][vc_column width=&#8221;4\/6&#8243;][vc_column_text]<strong>Evrim Kuran<\/strong><\/p>\n<p style=\"font-weight: 400;\"><strong>Evrim Kuran Consulting, Founder<\/strong><\/p>\n<p style=\"font-weight: 400;\"><strong>Universum, T\u00fcrkiye Leader<\/strong><\/p>\n<p>Kuran has a BA in English Language &amp; Literature at Hacettepe University and an Executive MBA degree at Sabanc\u0131 University. She studied Behavioral Economics, Culture of Innovation and Design Thinking at Harvard Business School where she received a Certificate of Management Excellence. Since 2000, Evrim Kuran has been conducting generational research, organizational attractiveness, DEI (Diversity, Equity, Inclusion) studies, and reverse mentoring programs. Kuran has worked with many local and global employer brands. She is the Country Leader for T\u00fcrkiye of world\u2019s leading employer branding research and consulting company, Universum. She is also the creator and the curator of People Make the Brand conferences since 2013.<\/p>\n<p>Evrim Kuran is a Diversity, Equity and Inclusion lecturer at Sabanc\u0131 University for EMBA students and MEF University for undergraduate and MBA students. She is also an Independent Board Member at Mondelez International T\u00fcrkiye.<\/p>\n<p>Besides her career as a consultant, she is also a keynote speaker and a columnist, and her articles are published in certain national and global publications and portals. She is also the author of five books, Telgraftan Tablete (From Telegram to Tablet) in which she wrote about the five generations of T\u00fcrkiye, Z: Bir Ku\u015fa\u011f\u0131 Anlamak (Z: Understanding a Generation) which scrutinizes generation Z through various research findings, Onlar G\u00f6\u00e7t\u00fc Buradan (They Moved From Here) in which Kuran focuses on the brain drain among the new generations of T\u00fcrkiye, Ba\u015far\u0131l\u0131 Bir Kad\u0131n Oldu\u011fum i\u00e7in \u00d6z\u00fcr Dilerim (Sorry For Being a Successful Woman) which covers her research on impostor phenomenon and Cetvel (Ruler) as a collection of her essays.[\/vc_column_text][\/vc_column][\/vc_row][vc_row][vc_column][stm_spacing lg_spacing=&#8221;40&#8243; md_spacing=&#8221;30&#8243; sm_spacing=&#8221;20&#8243; xs_spacing=&#8221;10&#8243;][vc_custom_heading text=&#8221;Team&#8221;][stm_staff_list image_style=&#8221;img_rounded&#8221; count=&#8221;7&#8243;][\/vc_column][\/vc_row]<\/p>\n","protected":false},"excerpt":{"rendered":"<p>[vc_row css=&#8221;.vc_custom_1734430437788{margin-top: 30px !important;}&#8221;][vc_column width=&#8221;2\/6&#8243;][vc_single_image image=&#8221;8020&#8243; img_size=&#8221;large&#8221;][\/vc_column][vc_column width=&#8221;4\/6&#8243;][vc_column_text]Evrim Kuran Evrim Kuran Consulting, Founder Universum, T\u00fcrkiye Leader Kuran has a BA in English Language &amp; Literature at Hacettepe University and an Executive MBA degree at Sabanc\u0131 University. She studied Behavioral Economics, Culture of Innovation and Design Thinking at Harvard Business School where she received a Certificate<\/p>\n","protected":false},"author":1,"featured_media":0,"parent":0,"menu_order":0,"comment_status":"closed","ping_status":"closed","template":"","meta":{"footnotes":""},"class_list":["post-8095","page","type-page","status-publish","hentry"],"_links":{"self":[{"href":"https:\/\/www.evrimkuran.com\/en\/wp-json\/wp\/v2\/pages\/8095","targetHints":{"allow":["GET"]}}],"collection":[{"href":"https:\/\/www.evrimkuran.com\/en\/wp-json\/wp\/v2\/pages"}],"about":[{"href":"https:\/\/www.evrimkuran.com\/en\/wp-json\/wp\/v2\/types\/page"}],"author":[{"embeddable":true,"href":"https:\/\/www.evrimkuran.com\/en\/wp-json\/wp\/v2\/users\/1"}],"replies":[{"embeddable":true,"href":"https:\/\/www.evrimkuran.com\/en\/wp-json\/wp\/v2\/comments?post=8095"}],"version-history":[{"count":25,"href":"https:\/\/www.evrimkuran.com\/en\/wp-json\/wp\/v2\/pages\/8095\/revisions"}],"predecessor-version":[{"id":10115,"href":"https:\/\/www.evrimkuran.com\/en\/wp-json\/wp\/v2\/pages\/8095\/revisions\/10115"}],"wp:attachment":[{"href":"https:\/\/www.evrimkuran.com\/en\/wp-json\/wp\/v2\/media?parent=8095"}],"curies":[{"name":"wp","href":"https:\/\/api.w.org\/{rel}","templated":true}]}}